{"id":93,"date":"2019-07-11T23:20:52","date_gmt":"2019-07-11T21:20:52","guid":{"rendered":"http:\/\/kancelariaadwokackakielce.pl\/?page_id=93"},"modified":"2022-01-09T01:38:07","modified_gmt":"2022-01-09T00:38:07","slug":"wynagrodzenie-kancelarii","status":"publish","type":"page","link":"https:\/\/kancelariaadwokackakielce.pl\/?page_id=93","title":{"rendered":"Wynagrodzenie Kancelarii"},"content":{"rendered":"\t\t<div data-elementor-type=\"wp-post\" data-elementor-id=\"93\" class=\"elementor elementor-93\" data-elementor-settings=\"[]\">\n\t\t\t\t\t\t<div class=\"elementor-inner\">\n\t\t\t\t\t\t\t<div class=\"elementor-section-wrap\">\n\t\t\t\t\t\t\t<section class=\"elementor-section elementor-top-section elementor-element elementor-element-abd335e elementor-section-boxed elementor-section-height-default elementor-section-height-default\" data-id=\"abd335e\" data-element_type=\"section\">\n\t\t\t\t\t\t<div class=\"elementor-container elementor-column-gap-default\">\n\t\t\t\t\t\t\t<div class=\"elementor-row\">\n\t\t\t\t\t<div class=\"elementor-column elementor-col-50 elementor-top-column elementor-element elementor-element-6dd05a5\" data-id=\"6dd05a5\" data-element_type=\"column\">\n\t\t\t<div class=\"elementor-column-wrap elementor-element-populated\">\n\t\t\t\t\t\t\t<div class=\"elementor-widget-wrap\">\n\t\t\t\t\t\t<div class=\"elementor-element elementor-element-976a5a1 elementor-widget elementor-widget-text-editor\" data-id=\"976a5a1\" data-element_type=\"widget\" data-widget_type=\"text-editor.default\">\n\t\t\t\t<div class=\"elementor-widget-container\">\n\t\t\t\t\t\t\t\t<div class=\"elementor-text-editor elementor-clearfix\">\n\t\t\t\t<p class=\"MsoNormal\" style=\"text-align: justify;\"><b><span style=\"font-family: 'Century Gothic', sans-serif; color: black; padding: 0cm; border: 1pt none windowtext;\">Klienci indywidualni<\/span><\/b><\/p><p class=\"MsoNormal\" style=\"margin-bottom: 6.0pt; text-align: justify; line-height: 120%;\"><span style=\"font-size: 9pt; line-height: 120%; font-family: 'Century Gothic', sans-serif; color: black; padding: 0cm; background-color: white; border: 1pt none windowtext;\">Wysoko\u015b\u0107 honorarium Kancelarii zale\u017cy zawsze od stopnia skomplikowania sprawy, czy danego problemu prawnego oraz od nak\u0142adu pracy koniecznego do rzetelnego wykonania zlecenia.<\/span><span style=\"font-size: 9pt; line-height: 120%; font-family: 'Century Gothic', sans-serif; color: black; padding: 0cm; border: 1pt none windowtext;\">\u00a0Jego wysoko\u015b\u0107 jest ustalana zawsze indywidualnie z klientem.\u00a0Ostateczny koszt prowadzenia sprawy okre\u015blamy \u00a0po przeanalizowaniu jej stanu faktycznego<\/span><span style=\"font-size: 10pt; line-height: 120%; font-family: 'Century Gothic', sans-serif; color: black; padding: 0cm; border: 1pt none windowtext;\">.\u00a0Na uwadze nale\u017cy mie\u0107 w tym wzgl\u0119dzie r\u00f3wnie\u017c wysoko\u015b\u0107 stawek minimalnych okre\u015blonych w\u00a0Rozporz\u0105dzeniu Ministra Sprawiedliwo\u015bci z dnia 22 pa\u017adziernika 2015 r. w sprawie op\u0142at za czynno\u015bci adwokackie (Dz. U. z 2015, poz. 1800 z p\u00f3\u017an. zm.)\u00a0\u00a0<\/span><b><\/b><\/p><p style=\"margin: 0cm 0cm 0.0001pt; text-align: justify; background-color: white;\">\u00a0<\/p>\t\t\t\t\t<\/div>\n\t\t\t\t\t\t<\/div>\n\t\t\t\t<\/div>\n\t\t\t\t<div class=\"elementor-element elementor-element-1a223bc elementor-widget elementor-widget-text-editor\" data-id=\"1a223bc\" data-element_type=\"widget\" data-widget_type=\"text-editor.default\">\n\t\t\t\t<div class=\"elementor-widget-container\">\n\t\t\t\t\t\t\t\t<div class=\"elementor-text-editor elementor-clearfix\">\n\t\t\t\t<p class=\"MsoNormal\" style=\"margin-bottom: 6.0pt; text-align: justify; line-height: 120%;\"><span style=\"font-size: 10pt; line-height: 120%; font-family: 'Century Gothic', sans-serif; color: black; padding: 0cm; border: 1pt none windowtext;\">Skorzystanie z odp\u0142atnej porady prawnej adwokata w sprawie powierzonej Kancelarii do prowadzenia, skutkuje nast\u0119pczym zaliczeniem uiszczonej za porad\u0119 op\u0142aty na poczet wynagrodzenia adwokackiego ustalonego z klientem w tej sprawie. \u00a0<\/span><span style=\"font-size: 9pt; line-height: 120%; font-family: 'Century Gothic', sans-serif; color: black; padding: 0cm; border: 1pt none windowtext;\">Wynagrodzenie p\u0142atne jest z g\u00f3ry.<\/span><b><\/b><\/p>\t\t\t\t\t<\/div>\n\t\t\t\t\t\t<\/div>\n\t\t\t\t<\/div>\n\t\t\t\t\t\t<\/div>\n\t\t\t\t\t<\/div>\n\t\t<\/div>\n\t\t\t\t<div class=\"elementor-column elementor-col-50 elementor-top-column elementor-element elementor-element-36b428f\" data-id=\"36b428f\" data-element_type=\"column\">\n\t\t\t<div class=\"elementor-column-wrap elementor-element-populated\">\n\t\t\t\t\t\t\t<div class=\"elementor-widget-wrap\">\n\t\t\t\t\t\t<div class=\"elementor-element elementor-element-6feefaa elementor-widget elementor-widget-text-editor\" data-id=\"6feefaa\" data-element_type=\"widget\" data-widget_type=\"text-editor.default\">\n\t\t\t\t<div class=\"elementor-widget-container\">\n\t\t\t\t\t\t\t\t<div class=\"elementor-text-editor elementor-clearfix\">\n\t\t\t\t<p style=\"line-height: 24.5pt; background-color: white;\"><b><span style=\"font-size: 11pt; line-height: 115%; font-family: 'Century Gothic', sans-serif; color: black; padding: 0cm; border: 1pt none windowtext;\">Firmy, instytucje, osoby indywidualne\u00a0 obj\u0119te sta\u0142\u0105 pomoc\u0105 prawn\u0105\u00a0<\/span><\/b><\/p><p style=\"margin: 0cm 0cm 6pt; text-align: justify; line-height: 120%;\"><span style=\"font-size: 10pt; line-height: 120%; font-family: 'Century Gothic', sans-serif; color: black; padding: 0cm; border: 1pt none windowtext;\">Honorarium za obs\u0142ug\u0119 prawn\u0105 firm, instytucji okre\u015bla umowa z klientem , kt\u00f3ra wed\u0142ug wyboru zlecaj\u0105cego przewiduje:<\/span><\/p><p style=\"margin: 0cm 0cm 6pt; text-align: justify; line-height: 120%; background-color: white;\"><b><span style=\"font-size: 10pt; line-height: 120%; font-family: 'Century Gothic', sans-serif; color: black; padding: 0cm; border: 1pt none windowtext;\">Rycza\u0142t miesi\u0119czny<\/span><\/b><span style=\"font-size: 10pt; line-height: 120%; font-family: 'Century Gothic', sans-serif; color: black; padding: 0cm; border: 1pt none windowtext;\">\u00a0&#8211; sta\u0142ej wysoko\u015bci stawka abonamentowa uiszczana do okre\u015blonego dnia ka\u017cdego miesi\u0105ca, bez limitu powierzanych spraw, czy ogranicze\u0144 godzinowych pracy adwokata. Klient nie ponosi odr\u0119bnych op\u0142at od ka\u017cdej sprawy, porady, pisma, czy innej czynno\u015bci.<\/span><span style=\"color: black; font-family: 'Century Gothic', sans-serif; font-size: 10pt;\">\u00a0<\/span><\/p><p style=\"margin: 0cm 0cm 6pt; text-align: justify; line-height: 120%; background-color: white;\"><b><span style=\"font-size: 10pt; line-height: 120%; font-family: 'Century Gothic', sans-serif; color: black; padding: 0cm; border: 1pt none windowtext;\">Rozliczenie czasowe<\/span><\/b><span style=\"font-size: 10pt; line-height: 120%; font-family: 'Century Gothic', sans-serif; color: black; padding: 0cm; border: 1pt none windowtext;\">\u00a0&#8211; w kt\u00f3rym klient, raz w miesi\u0105cu, otrzymuje wykaz\u00a0 liczby niezb\u0119dnych godzin pracy prawnika w danej sprawie pomno\u017conych przez stawk\u0119 godzinow\u0105 ustalon\u0105 w umowie.<\/span><\/p><p style=\"margin: 0cm 0cm 6pt; text-align: justify; line-height: 120%; background-color: white;\"><b><span style=\"font-size: 10pt; line-height: 120%; font-family: 'Century Gothic', sans-serif; color: black; padding: 0cm; border: 1pt none windowtext;\">Wynagrodzenie rycza\u0142towo &#8211; godzinowe &#8211;\u00a0<\/span><\/b><span style=\"font-size: 10pt; line-height: 120%; font-family: 'Century Gothic', sans-serif; color: black; padding: 0cm; border: 1pt none windowtext;\">\u0142\u0105cz\u0105ce cechy w\/w metod rozlicze\u0144, a polegaj\u0105ce na okre\u015bleniu w umowie z Kancelari\u0105 miesi\u0119cznego honorarium, kt\u00f3re klient\u00a0 zap\u0142aci za okre\u015blon\u0105 z g\u00f3ry liczb\u0119 godzin pracy adwokata. Po wyczerpaniu umownego limitu godzin klient by skorzysta\u0107 z us\u0142ug adwokata b\u0119dzie zobowi\u0105zany do dop\u0142acenia za ka\u017cd\u0105 przekroczon\u0105 ponad limit umowny godzin.<\/span><\/p><p style=\"margin: 0cm 0cm 6pt; text-align: justify; line-height: 120%; background-color: white;\"><b style=\"font-size: 16px;\"><span style=\"font-size: 10pt; line-height: 120%; font-family: 'Century Gothic', sans-serif; color: #3f3f40; padding: 0cm; border: 1pt none windowtext;\">Success fee &#8211;<\/span><\/b><span style=\"font-size: 10pt; line-height: 120%; font-family: 'Century Gothic', sans-serif; color: #3f3f40; padding: 0cm; border: 1pt none windowtext;\">\u00a0Wynagrodzenie z premi\u0105 za sukces; opr\u00f3cz stawki wynagrodzenia za prowadzenie post\u0119powania wyst\u0119puje tak\u017ce premia za pomy\u015blny dla klienta wynik post\u0119powania<\/span><\/p><p style=\"line-height: 24.5pt; background-color: white;\">\u00a0<\/p><p style=\"text-align: justify;\">\u00a0<\/p>\t\t\t\t\t<\/div>\n\t\t\t\t\t\t<\/div>\n\t\t\t\t<\/div>\n\t\t\t\t\t\t<\/div>\n\t\t\t\t\t<\/div>\n\t\t<\/div>\n\t\t\t\t\t\t\t\t<\/div>\n\t\t\t\t\t<\/div>\n\t\t<\/section>\n\t\t\t\t<section class=\"elementor-section elementor-top-section elementor-element elementor-element-f089860 elementor-section-boxed elementor-section-height-default elementor-section-height-default\" data-id=\"f089860\" data-element_type=\"section\">\n\t\t\t\t\t\t<div class=\"elementor-container elementor-column-gap-default\">\n\t\t\t\t\t\t\t<div class=\"elementor-row\">\n\t\t\t\t\t<div class=\"elementor-column elementor-col-100 elementor-top-column elementor-element elementor-element-594a2a8\" data-id=\"594a2a8\" data-element_type=\"column\">\n\t\t\t<div class=\"elementor-column-wrap elementor-element-populated\">\n\t\t\t\t\t\t\t<div class=\"elementor-widget-wrap\">\n\t\t\t\t\t\t<div class=\"elementor-element elementor-element-35084f3 elementor-widget elementor-widget-text-editor\" data-id=\"35084f3\" data-element_type=\"widget\" data-widget_type=\"text-editor.default\">\n\t\t\t\t<div class=\"elementor-widget-container\">\n\t\t\t\t\t\t\t\t<div class=\"elementor-text-editor elementor-clearfix\">\n\t\t\t\t<p class=\"MsoNormal\" style=\"text-align: center;\" align=\"center\"><b><span style=\"font-size: 10.0pt; line-height: 115%; font-family: 'Century Gothic','sans-serif'; mso-fareast-font-family: 'Times New Roman'; mso-bidi-font-family: 'Times New Roman'; color: black; mso-themecolor: text1; mso-fareast-language: PL;\">W przypadku pyta\u0144 o szacunkow\u0105 wycen\u0119 spraw prosimy o kontakt z Kancelari\u0105.<\/span><\/b><\/p>\t\t\t\t\t<\/div>\n\t\t\t\t\t\t<\/div>\n\t\t\t\t<\/div>\n\t\t\t\t\t\t<\/div>\n\t\t\t\t\t<\/div>\n\t\t<\/div>\n\t\t\t\t\t\t\t\t<\/div>\n\t\t\t\t\t<\/div>\n\t\t<\/section>\n\t\t\t\t<section class=\"elementor-section elementor-top-section elementor-element elementor-element-e414de7 elementor-section-content-middle elementor-section-boxed elementor-section-height-default elementor-section-height-default\" data-id=\"e414de7\" data-element_type=\"section\">\n\t\t\t\t\t\t<div class=\"elementor-container elementor-column-gap-default\">\n\t\t\t\t\t\t\t<div class=\"elementor-row\">\n\t\t\t\t\t<div class=\"elementor-column elementor-col-100 elementor-top-column elementor-element elementor-element-e603f0b\" data-id=\"e603f0b\" data-element_type=\"column\">\n\t\t\t<div class=\"elementor-column-wrap elementor-element-populated\">\n\t\t\t\t\t\t\t<div class=\"elementor-widget-wrap\">\n\t\t\t\t\t\t<div class=\"elementor-element elementor-element-fdc097f elementor-align-center elementor-widget elementor-widget-button\" data-id=\"fdc097f\" data-element_type=\"widget\" data-widget_type=\"button.default\">\n\t\t\t\t<div class=\"elementor-widget-container\">\n\t\t\t\t\t<div class=\"elementor-button-wrapper\">\n\t\t\t<a href=\"http:\/\/kancelariaadwokackakielce.pl\/?page_id=66\" class=\"elementor-button-link elementor-button elementor-size-lg\" role=\"button\">\n\t\t\t\t\t\t<span class=\"elementor-button-content-wrapper\">\n\t\t\t\t\t\t<span class=\"elementor-button-text\">KONTAKT<\/span>\n\t\t<\/span>\n\t\t\t\t\t<\/a>\n\t\t<\/div>\n\t\t\t\t<\/div>\n\t\t\t\t<\/div>\n\t\t\t\t\t\t<\/div>\n\t\t\t\t\t<\/div>\n\t\t<\/div>\n\t\t\t\t\t\t\t\t<\/div>\n\t\t\t\t\t<\/div>\n\t\t<\/section>\n\t\t\t\t<section class=\"elementor-section elementor-top-section elementor-element elementor-element-6733d3d elementor-section-boxed elementor-section-height-default elementor-section-height-default\" data-id=\"6733d3d\" data-element_type=\"section\">\n\t\t\t\t\t\t<div class=\"elementor-container elementor-column-gap-default\">\n\t\t\t\t\t\t\t<div class=\"elementor-row\">\n\t\t\t\t\t<div class=\"elementor-column elementor-col-100 elementor-top-column elementor-element elementor-element-073bdf9\" data-id=\"073bdf9\" data-element_type=\"column\">\n\t\t\t<div class=\"elementor-column-wrap elementor-element-populated\">\n\t\t\t\t\t\t\t<div class=\"elementor-widget-wrap\">\n\t\t\t\t\t\t<div class=\"elementor-element elementor-element-211c10f elementor-widget-divider--view-line elementor-widget elementor-widget-divider\" data-id=\"211c10f\" data-element_type=\"widget\" data-widget_type=\"divider.default\">\n\t\t\t\t<div class=\"elementor-widget-container\">\n\t\t\t\t\t<div class=\"elementor-divider\">\n\t\t\t<span class=\"elementor-divider-separator\">\n\t\t\t\t\t\t<\/span>\n\t\t<\/div>\n\t\t\t\t<\/div>\n\t\t\t\t<\/div>\n\t\t\t\t\t\t<\/div>\n\t\t\t\t\t<\/div>\n\t\t<\/div>\n\t\t\t\t\t\t\t\t<\/div>\n\t\t\t\t\t<\/div>\n\t\t<\/section>\n\t\t\t\t<section class=\"elementor-section elementor-top-section elementor-element elementor-element-10db304 elementor-section-boxed elementor-section-height-default elementor-section-height-default\" data-id=\"10db304\" data-element_type=\"section\">\n\t\t\t\t\t\t<div class=\"elementor-container elementor-column-gap-default\">\n\t\t\t\t\t\t\t<div class=\"elementor-row\">\n\t\t\t\t\t<div class=\"elementor-column elementor-col-100 elementor-top-column elementor-element elementor-element-a5efb52\" data-id=\"a5efb52\" data-element_type=\"column\">\n\t\t\t<div class=\"elementor-column-wrap elementor-element-populated\">\n\t\t\t\t\t\t\t<div class=\"elementor-widget-wrap\">\n\t\t\t\t\t\t<div class=\"elementor-element elementor-element-0be1208 elementor-widget elementor-widget-heading\" data-id=\"0be1208\" data-element_type=\"widget\" data-widget_type=\"heading.default\">\n\t\t\t\t<div class=\"elementor-widget-container\">\n\t\t\t<h2 class=\"elementor-heading-title elementor-size-default\">RACHUNKI BANKOWE<\/h2>\t\t<\/div>\n\t\t\t\t<\/div>\n\t\t\t\t\t\t<\/div>\n\t\t\t\t\t<\/div>\n\t\t<\/div>\n\t\t\t\t\t\t\t\t<\/div>\n\t\t\t\t\t<\/div>\n\t\t<\/section>\n\t\t\t\t<section class=\"elementor-section elementor-top-section elementor-element elementor-element-d49f233 elementor-section-boxed elementor-section-height-default elementor-section-height-default\" data-id=\"d49f233\" data-element_type=\"section\">\n\t\t\t\t\t\t<div class=\"elementor-container elementor-column-gap-default\">\n\t\t\t\t\t\t\t<div class=\"elementor-row\">\n\t\t\t\t\t<div class=\"elementor-column elementor-col-100 elementor-top-column elementor-element elementor-element-3a7b05c\" data-id=\"3a7b05c\" data-element_type=\"column\">\n\t\t\t<div class=\"elementor-column-wrap elementor-element-populated\">\n\t\t\t\t\t\t\t<div class=\"elementor-widget-wrap\">\n\t\t\t\t\t\t<div class=\"elementor-element elementor-element-6623173 elementor-widget elementor-widget-text-editor\" data-id=\"6623173\" data-element_type=\"widget\" data-widget_type=\"text-editor.default\">\n\t\t\t\t<div class=\"elementor-widget-container\">\n\t\t\t\t\t\t\t\t<div class=\"elementor-text-editor elementor-clearfix\">\n\t\t\t\t<p><span style=\"font-weight: bold; text-align: -webkit-center;\"><span style=\"font-size: 16pt; font-family: 'Century Gothic', 'sans-serif'; color: #4d4d4d;\">Konto na wp\u0142aty wynagrodzenia Kancelarii<br \/>NestBank\u00a093 2530 0008 2004 1038 9663 0001<br \/>\u00a0<br \/>Konto dla depozyt\u00f3w na op\u0142aty s\u0105dowe<br \/>NestBank\u00a039 2530 0008 2004 1038 9663 0003<\/span><\/span><\/p>\t\t\t\t\t<\/div>\n\t\t\t\t\t\t<\/div>\n\t\t\t\t<\/div>\n\t\t\t\t\t\t<\/div>\n\t\t\t\t\t<\/div>\n\t\t<\/div>\n\t\t\t\t\t\t\t\t<\/div>\n\t\t\t\t\t<\/div>\n\t\t<\/section>\n\t\t\t\t<section class=\"elementor-section elementor-top-section elementor-element elementor-element-a63a81b elementor-section-boxed elementor-section-height-default elementor-section-height-default\" data-id=\"a63a81b\" data-element_type=\"section\">\n\t\t\t\t\t\t<div class=\"elementor-container elementor-column-gap-default\">\n\t\t\t\t\t\t\t<div class=\"elementor-row\">\n\t\t\t\t\t<div class=\"elementor-column elementor-col-100 elementor-top-column elementor-element elementor-element-6fb0f1d\" data-id=\"6fb0f1d\" data-element_type=\"column\">\n\t\t\t<div class=\"elementor-column-wrap elementor-element-populated\">\n\t\t\t\t\t\t\t<div class=\"elementor-widget-wrap\">\n\t\t\t\t\t\t<div class=\"elementor-element elementor-element-973f531 elementor-widget-divider--view-line elementor-widget elementor-widget-divider\" data-id=\"973f531\" data-element_type=\"widget\" data-widget_type=\"divider.default\">\n\t\t\t\t<div class=\"elementor-widget-container\">\n\t\t\t\t\t<div class=\"elementor-divider\">\n\t\t\t<span class=\"elementor-divider-separator\">\n\t\t\t\t\t\t<\/span>\n\t\t<\/div>\n\t\t\t\t<\/div>\n\t\t\t\t<\/div>\n\t\t\t\t\t\t<\/div>\n\t\t\t\t\t<\/div>\n\t\t<\/div>\n\t\t\t\t\t\t\t\t<\/div>\n\t\t\t\t\t<\/div>\n\t\t<\/section>\n\t\t\t\t<section class=\"elementor-section elementor-top-section elementor-element elementor-element-42a1ad9 elementor-section-boxed elementor-section-height-default elementor-section-height-default\" data-id=\"42a1ad9\" data-element_type=\"section\">\n\t\t\t\t\t\t<div class=\"elementor-container elementor-column-gap-default\">\n\t\t\t\t\t\t\t<div class=\"elementor-row\">\n\t\t\t\t\t<div class=\"elementor-column elementor-col-100 elementor-top-column elementor-element elementor-element-23dfd71\" data-id=\"23dfd71\" data-element_type=\"column\">\n\t\t\t<div class=\"elementor-column-wrap elementor-element-populated\">\n\t\t\t\t\t\t\t<div class=\"elementor-widget-wrap\">\n\t\t\t\t\t\t<div class=\"elementor-element elementor-element-ae2ead9 elementor-widget elementor-widget-spacer\" data-id=\"ae2ead9\" data-element_type=\"widget\" data-widget_type=\"spacer.default\">\n\t\t\t\t<div class=\"elementor-widget-container\">\n\t\t\t\t\t<div class=\"elementor-spacer\">\n\t\t\t<div class=\"elementor-spacer-inner\"><\/div>\n\t\t<\/div>\n\t\t\t\t<\/div>\n\t\t\t\t<\/div>\n\t\t\t\t\t\t<\/div>\n\t\t\t\t\t<\/div>\n\t\t<\/div>\n\t\t\t\t\t\t\t\t<\/div>\n\t\t\t\t\t<\/div>\n\t\t<\/section>\n\t\t\t\t\t\t<\/div>\n\t\t\t\t\t\t<\/div>\n\t\t\t\t\t<\/div>\n\t\t","protected":false},"excerpt":{"rendered":"<p>Klienci indywidualni Wysoko\u015b\u0107 honorarium Kancelarii zale\u017cy zawsze od stopnia skomplikowania sprawy, czy danego problemu prawnego oraz od nak\u0142adu pracy koniecznego do rzetelnego wykonania zlecenia.\u00a0Jego wysoko\u015b\u0107 jest ustalana zawsze indywidualnie z klientem.\u00a0Ostateczny koszt prowadzenia sprawy okre\u015blamy \u00a0po przeanalizowaniu jej stanu faktycznego.\u00a0Na uwadze nale\u017cy mie\u0107 w tym wzgl\u0119dzie r\u00f3wnie\u017c wysoko\u015b\u0107 stawek minimalnych okre\u015blonych w\u00a0Rozporz\u0105dzeniu Ministra Sprawiedliwo\u015bci z [&hellip;]<\/p>\n","protected":false},"author":1,"featured_media":0,"parent":0,"menu_order":4,"comment_status":"closed","ping_status":"closed","template":"","meta":{"_mi_skip_tracking":false,"_monsterinsights_skip_tracking":false,"_monsterinsights_sitenote_active":false,"_monsterinsights_sitenote_note":"","_monsterinsights_sitenote_category":0,"footnotes":""},"class_list":["post-93","page","type-page","status-publish","hentry"],"yoast_head":"<!-- This site is optimized with the Yoast SEO plugin v14.3 - https:\/\/yoast.com\/wordpress\/plugins\/seo\/ -->\n<title>Wynagrodzenie Kancelarii - KANCELARIA ADWOKACKA Kielce<\/title>\n<meta name=\"robots\" content=\"index, follow\" \/>\n<meta name=\"googlebot\" content=\"index, follow, max-snippet:-1, max-image-preview:large, max-video-preview:-1\" \/>\n<meta name=\"bingbot\" content=\"index, follow, max-snippet:-1, max-image-preview:large, max-video-preview:-1\" \/>\n<link rel=\"canonical\" href=\"http:\/\/kancelariaadwokackakielce.pl\/?page_id=93\" \/>\n<meta property=\"og:locale\" content=\"pl_PL\" \/>\n<meta property=\"og:type\" content=\"article\" \/>\n<meta property=\"og:title\" content=\"Wynagrodzenie Kancelarii - KANCELARIA ADWOKACKA Kielce\" \/>\n<meta property=\"og:description\" content=\"Klienci indywidualni Wysoko\u015b\u0107 honorarium Kancelarii zale\u017cy zawsze od stopnia skomplikowania sprawy, czy danego problemu prawnego oraz od nak\u0142adu pracy koniecznego do rzetelnego wykonania zlecenia.\u00a0Jego wysoko\u015b\u0107 jest ustalana zawsze indywidualnie z klientem.\u00a0Ostateczny koszt prowadzenia sprawy okre\u015blamy \u00a0po przeanalizowaniu jej stanu faktycznego.\u00a0Na uwadze nale\u017cy mie\u0107 w tym wzgl\u0119dzie r\u00f3wnie\u017c wysoko\u015b\u0107 stawek minimalnych okre\u015blonych w\u00a0Rozporz\u0105dzeniu Ministra Sprawiedliwo\u015bci z [&hellip;]\" \/>\n<meta property=\"og:url\" content=\"http:\/\/kancelariaadwokackakielce.pl\/?page_id=93\" \/>\n<meta property=\"og:site_name\" content=\"KANCELARIA ADWOKACKA Kielce\" \/>\n<meta property=\"article:modified_time\" content=\"2022-01-09T00:38:07+00:00\" \/>\n<meta name=\"twitter:card\" content=\"summary_large_image\" \/>\n<script type=\"application\/ld+json\" class=\"yoast-schema-graph\">{\"@context\":\"https:\/\/schema.org\",\"@graph\":[{\"@type\":\"WebSite\",\"@id\":\"https:\/\/kancelariaadwokackakielce.pl\/#website\",\"url\":\"https:\/\/kancelariaadwokackakielce.pl\/\",\"name\":\"KANCELARIA ADWOKACKA Kielce\",\"description\":\"doradztwo prawne oraz pomoc prawna w sprawach karnych, cywilnych, gospodarczych, administracyjnych, obs\\u0142uga prawna firm\",\"potentialAction\":[{\"@type\":\"SearchAction\",\"target\":\"https:\/\/kancelariaadwokackakielce.pl\/?s={search_term_string}\",\"query-input\":\"required name=search_term_string\"}],\"inLanguage\":\"pl-PL\"},{\"@type\":\"WebPage\",\"@id\":\"http:\/\/kancelariaadwokackakielce.pl\/?page_id=93#webpage\",\"url\":\"http:\/\/kancelariaadwokackakielce.pl\/?page_id=93\",\"name\":\"Wynagrodzenie Kancelarii - KANCELARIA ADWOKACKA Kielce\",\"isPartOf\":{\"@id\":\"https:\/\/kancelariaadwokackakielce.pl\/#website\"},\"datePublished\":\"2019-07-11T21:20:52+00:00\",\"dateModified\":\"2022-01-09T00:38:07+00:00\",\"inLanguage\":\"pl-PL\",\"potentialAction\":[{\"@type\":\"ReadAction\",\"target\":[\"http:\/\/kancelariaadwokackakielce.pl\/?page_id=93\"]}]}]}<\/script>\n<!-- \/ Yoast SEO plugin. -->","_links":{"self":[{"href":"https:\/\/kancelariaadwokackakielce.pl\/index.php?rest_route=\/wp\/v2\/pages\/93","targetHints":{"allow":["GET"]}}],"collection":[{"href":"https:\/\/kancelariaadwokackakielce.pl\/index.php?rest_route=\/wp\/v2\/pages"}],"about":[{"href":"https:\/\/kancelariaadwokackakielce.pl\/index.php?rest_route=\/wp\/v2\/types\/page"}],"author":[{"embeddable":true,"href":"https:\/\/kancelariaadwokackakielce.pl\/index.php?rest_route=\/wp\/v2\/users\/1"}],"replies":[{"embeddable":true,"href":"https:\/\/kancelariaadwokackakielce.pl\/index.php?rest_route=%2Fwp%2Fv2%2Fcomments&post=93"}],"version-history":[{"count":12,"href":"https:\/\/kancelariaadwokackakielce.pl\/index.php?rest_route=\/wp\/v2\/pages\/93\/revisions"}],"predecessor-version":[{"id":280,"href":"https:\/\/kancelariaadwokackakielce.pl\/index.php?rest_route=\/wp\/v2\/pages\/93\/revisions\/280"}],"wp:attachment":[{"href":"https:\/\/kancelariaadwokackakielce.pl\/index.php?rest_route=%2Fwp%2Fv2%2Fmedia&parent=93"}],"curies":[{"name":"wp","href":"https:\/\/api.w.org\/{rel}","templated":true}]}}