{"id":66,"date":"2019-07-11T12:17:33","date_gmt":"2019-07-11T10:17:33","guid":{"rendered":"http:\/\/kancelariaadwokackakielce.pl\/?page_id=66"},"modified":"2022-01-09T02:46:44","modified_gmt":"2022-01-09T01:46:44","slug":"kontakt","status":"publish","type":"page","link":"https:\/\/kancelariaadwokackakielce.pl\/?page_id=66","title":{"rendered":"KONTAKT"},"content":{"rendered":"\t\t<div data-elementor-type=\"wp-post\" data-elementor-id=\"66\" class=\"elementor elementor-66\" data-elementor-settings=\"[]\">\n\t\t\t\t\t\t<div class=\"elementor-inner\">\n\t\t\t\t\t\t\t<div class=\"elementor-section-wrap\">\n\t\t\t\t\t\t\t<section class=\"elementor-section elementor-top-section elementor-element elementor-element-9172c67 elementor-section-boxed elementor-section-height-default elementor-section-height-default\" data-id=\"9172c67\" data-element_type=\"section\">\n\t\t\t\t\t\t<div class=\"elementor-container elementor-column-gap-default\">\n\t\t\t\t\t\t\t<div class=\"elementor-row\">\n\t\t\t\t\t<div class=\"elementor-column elementor-col-100 elementor-top-column elementor-element elementor-element-0ef7504\" data-id=\"0ef7504\" data-element_type=\"column\">\n\t\t\t<div class=\"elementor-column-wrap elementor-element-populated\">\n\t\t\t\t\t\t\t<div class=\"elementor-widget-wrap\">\n\t\t\t\t\t\t<div class=\"elementor-element elementor-element-a07d9c7 elementor-widget elementor-widget-spacer\" data-id=\"a07d9c7\" data-element_type=\"widget\" data-widget_type=\"spacer.default\">\n\t\t\t\t<div class=\"elementor-widget-container\">\n\t\t\t\t\t<div class=\"elementor-spacer\">\n\t\t\t<div class=\"elementor-spacer-inner\"><\/div>\n\t\t<\/div>\n\t\t\t\t<\/div>\n\t\t\t\t<\/div>\n\t\t\t\t\t\t<\/div>\n\t\t\t\t\t<\/div>\n\t\t<\/div>\n\t\t\t\t\t\t\t\t<\/div>\n\t\t\t\t\t<\/div>\n\t\t<\/section>\n\t\t\t\t<section class=\"elementor-section elementor-top-section elementor-element elementor-element-6c4cb74 elementor-section-boxed elementor-section-height-default elementor-section-height-default\" data-id=\"6c4cb74\" data-element_type=\"section\">\n\t\t\t\t\t\t<div class=\"elementor-container elementor-column-gap-default\">\n\t\t\t\t\t\t\t<div class=\"elementor-row\">\n\t\t\t\t\t<div class=\"elementor-column elementor-col-100 elementor-top-column elementor-element elementor-element-9515168\" data-id=\"9515168\" data-element_type=\"column\">\n\t\t\t<div class=\"elementor-column-wrap elementor-element-populated\">\n\t\t\t\t\t\t\t<div class=\"elementor-widget-wrap\">\n\t\t\t\t\t\t<div class=\"elementor-element elementor-element-72e3104 elementor-widget elementor-widget-heading\" data-id=\"72e3104\" data-element_type=\"widget\" data-widget_type=\"heading.default\">\n\t\t\t\t<div class=\"elementor-widget-container\">\n\t\t\t<h5 class=\"elementor-heading-title elementor-size-default\"><p style=\"white-space: normal;\"><span style=\"font-weight: bold;\">KANCELARIA ADWOKACKA W KIELCACH<\/span><\/p><p style=\"white-space: normal;\"><span style=\"font-weight: bold;\">Adwokat Dariusz W\u0142och&nbsp;<\/span><\/p><p style=\"white-space: normal;\"><span style=\"font-weight: bold;\">ul.Sienkiewicza 69\/lok.5b<\/span><\/p><p style=\"white-space: normal;\"><span style=\"font-weight: bold;\">25-002 KIELCE<\/span><\/p><p style=\"white-space: normal;\"><span style=\"font-weight: bold;\">&nbsp;<\/span><\/p><p style=\"white-space: normal;\"><span style=\"font-weight: bold;\">&nbsp;<\/span><span style=\"font-weight: bold;\">e:mail: dariuszwloch@kancelariaadwokackakielce.pl<\/span><\/p><p style=\"white-space: normal;\"><span style=\"font-weight: bold;\">www.kancelariaadwokackakielce.pl<\/span><\/p><span style=\"font-weight: bold; color: rgb(98, 106, 123); font-family: &quot;Open Sans&quot;, sans-serif; font-size: 14px; white-space: normal;\">tel.604 614 926<\/span><\/h5>\t\t<\/div>\n\t\t\t\t<\/div>\n\t\t\t\t\t\t<\/div>\n\t\t\t\t\t<\/div>\n\t\t<\/div>\n\t\t\t\t\t\t\t\t<\/div>\n\t\t\t\t\t<\/div>\n\t\t<\/section>\n\t\t\t\t<section class=\"elementor-section elementor-top-section elementor-element elementor-element-f020c0b elementor-section-boxed elementor-section-height-default elementor-section-height-default\" data-id=\"f020c0b\" data-element_type=\"section\">\n\t\t\t\t\t\t<div class=\"elementor-container elementor-column-gap-default\">\n\t\t\t\t\t\t\t<div class=\"elementor-row\">\n\t\t\t\t\t<div class=\"elementor-column elementor-col-50 elementor-top-column elementor-element elementor-element-6d38b26\" data-id=\"6d38b26\" data-element_type=\"column\">\n\t\t\t<div class=\"elementor-column-wrap elementor-element-populated\">\n\t\t\t\t\t\t\t<div class=\"elementor-widget-wrap\">\n\t\t\t\t\t\t<div class=\"elementor-element elementor-element-41e5920 elementor-widget elementor-widget-image\" data-id=\"41e5920\" data-element_type=\"widget\" data-widget_type=\"image.default\">\n\t\t\t\t<div class=\"elementor-widget-container\">\n\t\t\t\t\t\t\t\t<div class=\"elementor-image\">\n\t\t\t\t\t\t\t\t\t\t\t\t<img loading=\"lazy\" decoding=\"async\" width=\"525\" height=\"568\" src=\"https:\/\/kancelariaadwokackakielce.pl\/wp-content\/uploads\/2020\/05\/0a.jpg\" class=\"attachment-large size-large\" alt=\"\" srcset=\"https:\/\/kancelariaadwokackakielce.pl\/wp-content\/uploads\/2020\/05\/0a.jpg 710w, https:\/\/kancelariaadwokackakielce.pl\/wp-content\/uploads\/2020\/05\/0a-277x300.jpg 277w\" sizes=\"auto, (max-width: 525px) 100vw, 525px\" \/>\t\t\t\t\t\t\t\t\t\t\t\t\t\t<\/div>\n\t\t\t\t\t\t<\/div>\n\t\t\t\t<\/div>\n\t\t\t\t\t\t<\/div>\n\t\t\t\t\t<\/div>\n\t\t<\/div>\n\t\t\t\t<div class=\"elementor-column elementor-col-50 elementor-top-column elementor-element elementor-element-d627b49\" data-id=\"d627b49\" data-element_type=\"column\">\n\t\t\t<div class=\"elementor-column-wrap elementor-element-populated\">\n\t\t\t\t\t\t\t<div class=\"elementor-widget-wrap\">\n\t\t\t\t\t\t<div class=\"elementor-element elementor-element-d220724 elementor-widget elementor-widget-google_maps\" data-id=\"d220724\" data-element_type=\"widget\" data-widget_type=\"google_maps.default\">\n\t\t\t\t<div class=\"elementor-widget-container\">\n\t\t\t\t\t<div class=\"elementor-custom-embed\">\n\t\t\t<iframe frameborder=\"0\" scrolling=\"no\" marginheight=\"0\" marginwidth=\"0\"\n\t\t\t\t\tsrc=\"https:\/\/maps.google.com\/maps?q=Kielce%2C%20ul.Sienkiewicza%2069%20%2F%20lok5b&#038;t=m&#038;z=17&#038;output=embed&#038;iwloc=near\"\n\t\t\t\t\ttitle=\"Kielce, ul.Sienkiewicza 69 \/ lok5b\"\n\t\t\t\t\taria-label=\"Kielce, ul.Sienkiewicza 69 \/ lok5b\"\n\t\t\t><\/iframe>\n\t\t<\/div>\n\t\t\t\t<\/div>\n\t\t\t\t<\/div>\n\t\t\t\t\t\t<\/div>\n\t\t\t\t\t<\/div>\n\t\t<\/div>\n\t\t\t\t\t\t\t\t<\/div>\n\t\t\t\t\t<\/div>\n\t\t<\/section>\n\t\t\t\t<section class=\"elementor-section elementor-top-section elementor-element elementor-element-a61a968 elementor-section-boxed elementor-section-height-default elementor-section-height-default\" data-id=\"a61a968\" data-element_type=\"section\">\n\t\t\t\t\t\t<div class=\"elementor-container elementor-column-gap-default\">\n\t\t\t\t\t\t\t<div class=\"elementor-row\">\n\t\t\t\t\t<div class=\"elementor-column elementor-col-100 elementor-top-column elementor-element elementor-element-5bd1c07\" data-id=\"5bd1c07\" data-element_type=\"column\">\n\t\t\t<div class=\"elementor-column-wrap elementor-element-populated\">\n\t\t\t\t\t\t\t<div class=\"elementor-widget-wrap\">\n\t\t\t\t\t\t<div class=\"elementor-element elementor-element-aeaea23 elementor-widget elementor-widget-spacer\" data-id=\"aeaea23\" data-element_type=\"widget\" data-widget_type=\"spacer.default\">\n\t\t\t\t<div class=\"elementor-widget-container\">\n\t\t\t\t\t<div class=\"elementor-spacer\">\n\t\t\t<div class=\"elementor-spacer-inner\"><\/div>\n\t\t<\/div>\n\t\t\t\t<\/div>\n\t\t\t\t<\/div>\n\t\t\t\t\t\t<\/div>\n\t\t\t\t\t<\/div>\n\t\t<\/div>\n\t\t\t\t\t\t\t\t<\/div>\n\t\t\t\t\t<\/div>\n\t\t<\/section>\n\t\t\t\t<section class=\"elementor-section elementor-top-section elementor-element elementor-element-8cc6b38 elementor-section-boxed elementor-section-height-default elementor-section-height-default\" data-id=\"8cc6b38\" data-element_type=\"section\">\n\t\t\t\t\t\t<div class=\"elementor-container elementor-column-gap-default\">\n\t\t\t\t\t\t\t<div class=\"elementor-row\">\n\t\t\t\t\t<div class=\"elementor-column elementor-col-100 elementor-top-column elementor-element elementor-element-84ae999\" data-id=\"84ae999\" data-element_type=\"column\">\n\t\t\t<div class=\"elementor-column-wrap elementor-element-populated\">\n\t\t\t\t\t\t\t<div class=\"elementor-widget-wrap\">\n\t\t\t\t\t\t<div class=\"elementor-element elementor-element-74ef4af elementor-widget elementor-widget-heading\" data-id=\"74ef4af\" data-element_type=\"widget\" data-widget_type=\"heading.default\">\n\t\t\t\t<div class=\"elementor-widget-container\">\n\t\t\t<h1 class=\"elementor-heading-title elementor-size-xl\">RACHUNKI BANKOWE<\/h1>\t\t<\/div>\n\t\t\t\t<\/div>\n\t\t\t\t<div class=\"elementor-element elementor-element-41b6c42 elementor-widget elementor-widget-text-editor\" data-id=\"41b6c42\" data-element_type=\"widget\" data-widget_type=\"text-editor.default\">\n\t\t\t\t<div class=\"elementor-widget-container\">\n\t\t\t\t\t\t\t\t<div class=\"elementor-text-editor elementor-clearfix\">\n\t\t\t\t<p style=\"margin-bottom: 0.0001pt; line-height: normal; background-image: initial; background-position: initial; background-size: initial; background-repeat: initial; background-attachment: initial; background-origin: initial; background-clip: initial;\" align=\"center\"><b><span style=\"font-size: 16.0pt; font-family: 'Century Gothic','sans-serif'; mso-fareast-font-family: 'Times New Roman'; mso-bidi-font-family: Arial; color: #4d4d4d; mso-font-kerning: 18.0pt; mso-fareast-language: PL;\">Konto na wp\u0142aty wynagrodzenia Kancelarii<br \/>NestBank\u00a093 2530 0008 2004 1038 9663 0001<br \/>\u00a0<br \/>Konto dla depozyt\u00f3w na op\u0142aty s\u0105dowe<br \/>NestBank\u00a039 2530 0008 2004 1038 9663 0003<\/span><\/b><\/p><p style=\"margin: 0cm 0cm 0.0001pt; text-align: justify; background-image: initial; background-position: initial; background-size: initial; background-repeat: initial; background-attachment: initial; background-origin: initial; background-clip: initial;\"><span style=\"color: #4d4d4d; font-family: 'Century Gothic', sans-serif; font-size: 11pt; text-indent: 14cm;\"><b>\u00a0<\/b><\/span><\/p>\t\t\t\t\t<\/div>\n\t\t\t\t\t\t<\/div>\n\t\t\t\t<\/div>\n\t\t\t\t\t\t<\/div>\n\t\t\t\t\t<\/div>\n\t\t<\/div>\n\t\t\t\t\t\t\t\t<\/div>\n\t\t\t\t\t<\/div>\n\t\t<\/section>\n\t\t\t\t<section class=\"elementor-section elementor-top-section elementor-element elementor-element-388eea00 elementor-section-content-middle elementor-section-boxed elementor-section-height-default elementor-section-height-default\" data-id=\"388eea00\" data-element_type=\"section\" data-settings=\"{&quot;background_background&quot;:&quot;classic&quot;}\">\n\t\t\t\t\t\t<div class=\"elementor-container elementor-column-gap-no\">\n\t\t\t\t\t\t\t<div class=\"elementor-row\">\n\t\t\t\t\t<div class=\"elementor-column elementor-col-100 elementor-top-column elementor-element elementor-element-2f1d392a\" data-id=\"2f1d392a\" data-element_type=\"column\">\n\t\t\t<div class=\"elementor-column-wrap elementor-element-populated\">\n\t\t\t\t\t\t\t<div class=\"elementor-widget-wrap\">\n\t\t\t\t\t\t<div class=\"elementor-element elementor-element-5a3c1ca9 elementor-invisible elementor-widget elementor-widget-heading\" data-id=\"5a3c1ca9\" data-element_type=\"widget\" data-settings=\"{&quot;_animation&quot;:&quot;fadeIn&quot;}\" data-widget_type=\"heading.default\">\n\t\t\t\t<div class=\"elementor-widget-container\">\n\t\t\t<h6 class=\"elementor-heading-title elementor-size-default\">KONTAKT<\/h6>\t\t<\/div>\n\t\t\t\t<\/div>\n\t\t\t\t<div class=\"elementor-element elementor-element-6ee9adf7 elementor-widget elementor-widget-heading\" data-id=\"6ee9adf7\" data-element_type=\"widget\" data-widget_type=\"heading.default\">\n\t\t\t\t<div class=\"elementor-widget-container\">\n\t\t\t<h6 class=\"elementor-heading-title elementor-size-default\">+48 604 614 926<\/h6>\t\t<\/div>\n\t\t\t\t<\/div>\n\t\t\t\t<div class=\"elementor-element elementor-element-14f4f6fd elementor-widget elementor-widget-heading\" data-id=\"14f4f6fd\" data-element_type=\"widget\" data-widget_type=\"heading.default\">\n\t\t\t\t<div class=\"elementor-widget-container\">\n\t\t\t<h3 class=\"elementor-heading-title elementor-size-default\">Kielce, ul.Sienkiewicza 69\/lok.5b<\/h3>\t\t<\/div>\n\t\t\t\t<\/div>\n\t\t\t\t<div class=\"elementor-element elementor-element-6c0c7a82 elementor-shape-rounded elementor-grid-0 e-grid-align-center elementor-widget elementor-widget-social-icons\" data-id=\"6c0c7a82\" data-element_type=\"widget\" data-widget_type=\"social-icons.default\">\n\t\t\t\t<div class=\"elementor-widget-container\">\n\t\t\t\t\t<div class=\"elementor-social-icons-wrapper elementor-grid\">\n\t\t\t\t\t\t\t<span class=\"elementor-grid-item\">\n\t\t\t\t\t<a class=\"elementor-icon elementor-social-icon elementor-social-icon-facebook-f elementor-animation-grow elementor-repeater-item-9c86cde\" href=\"https:\/\/www.facebook.com\/Kancelaria-Adwokacka-Adwokat-Dariusz-W%C5%82och-339053520130909\/?modal=admin_todo_tour\" target=\"_blank\">\n\t\t\t\t\t\t<span class=\"elementor-screen-only\">Facebook-f<\/span>\n\t\t\t\t\t\t<i class=\"fab fa-facebook-f\"><\/i>\t\t\t\t\t<\/a>\n\t\t\t\t<\/span>\n\t\t\t\t\t<\/div>\n\t\t\t\t<\/div>\n\t\t\t\t<\/div>\n\t\t\t\t\t\t<\/div>\n\t\t\t\t\t<\/div>\n\t\t<\/div>\n\t\t\t\t\t\t\t\t<\/div>\n\t\t\t\t\t<\/div>\n\t\t<\/section>\n\t\t\t\t<section class=\"elementor-section elementor-top-section elementor-element elementor-element-ca67050 elementor-section-boxed elementor-section-height-default elementor-section-height-default\" data-id=\"ca67050\" data-element_type=\"section\">\n\t\t\t\t\t\t<div class=\"elementor-container elementor-column-gap-default\">\n\t\t\t\t\t\t\t<div class=\"elementor-row\">\n\t\t\t\t\t<div class=\"elementor-column elementor-col-100 elementor-top-column elementor-element elementor-element-a0eb4d9\" data-id=\"a0eb4d9\" data-element_type=\"column\">\n\t\t\t<div class=\"elementor-column-wrap elementor-element-populated\">\n\t\t\t\t\t\t\t<div class=\"elementor-widget-wrap\">\n\t\t\t\t\t\t<div class=\"elementor-element elementor-element-ce186f4 elementor-shape-rounded elementor-grid-0 e-grid-align-center elementor-widget elementor-widget-social-icons\" data-id=\"ce186f4\" data-element_type=\"widget\" data-widget_type=\"social-icons.default\">\n\t\t\t\t<div class=\"elementor-widget-container\">\n\t\t\t\t\t<div class=\"elementor-social-icons-wrapper elementor-grid\">\n\t\t\t\t\t\t\t<span class=\"elementor-grid-item\">\n\t\t\t\t\t<a class=\"elementor-icon elementor-social-icon elementor-social-icon-facebook elementor-repeater-item-832f1e6\" href=\"https:\/\/www.facebook.com\/Kancelaria-Adwokacka-Adwokat-Dariusz-W%C5%82och-339053520130909\/?modal=admin_todo_tour\" target=\"_blank\">\n\t\t\t\t\t\t<span class=\"elementor-screen-only\">Facebook<\/span>\n\t\t\t\t\t\t<i class=\"fab fa-facebook\"><\/i>\t\t\t\t\t<\/a>\n\t\t\t\t<\/span>\n\t\t\t\t\t\t\t<span class=\"elementor-grid-item\">\n\t\t\t\t\t<a class=\"elementor-icon elementor-social-icon elementor-social-icon-google-plus elementor-repeater-item-d1a740a\" target=\"_blank\">\n\t\t\t\t\t\t<span class=\"elementor-screen-only\">Google-plus<\/span>\n\t\t\t\t\t\t<i class=\"fab fa-google-plus\"><\/i>\t\t\t\t\t<\/a>\n\t\t\t\t<\/span>\n\t\t\t\t\t<\/div>\n\t\t\t\t<\/div>\n\t\t\t\t<\/div>\n\t\t\t\t\t\t<\/div>\n\t\t\t\t\t<\/div>\n\t\t<\/div>\n\t\t\t\t\t\t\t\t<\/div>\n\t\t\t\t\t<\/div>\n\t\t<\/section>\n\t\t\t\t<section class=\"elementor-section elementor-top-section elementor-element elementor-element-9370d5e elementor-section-boxed elementor-section-height-default elementor-section-height-default\" data-id=\"9370d5e\" data-element_type=\"section\">\n\t\t\t\t\t\t<div class=\"elementor-container elementor-column-gap-default\">\n\t\t\t\t\t\t\t<div class=\"elementor-row\">\n\t\t\t\t\t<div class=\"elementor-column elementor-col-100 elementor-top-column elementor-element elementor-element-260452a\" data-id=\"260452a\" data-element_type=\"column\">\n\t\t\t<div class=\"elementor-column-wrap elementor-element-populated\">\n\t\t\t\t\t\t\t<div class=\"elementor-widget-wrap\">\n\t\t\t\t\t\t<div class=\"elementor-element elementor-element-c64406e elementor-widget elementor-widget-spacer\" data-id=\"c64406e\" data-element_type=\"widget\" data-widget_type=\"spacer.default\">\n\t\t\t\t<div class=\"elementor-widget-container\">\n\t\t\t\t\t<div class=\"elementor-spacer\">\n\t\t\t<div class=\"elementor-spacer-inner\"><\/div>\n\t\t<\/div>\n\t\t\t\t<\/div>\n\t\t\t\t<\/div>\n\t\t\t\t\t\t<\/div>\n\t\t\t\t\t<\/div>\n\t\t<\/div>\n\t\t\t\t\t\t\t\t<\/div>\n\t\t\t\t\t<\/div>\n\t\t<\/section>\n\t\t\t\t\t\t<\/div>\n\t\t\t\t\t\t<\/div>\n\t\t\t\t\t<\/div>\n\t\t","protected":false},"excerpt":{"rendered":"<p>KANCELARIA ADWOKACKA W KIELCACH Adwokat Dariusz W\u0142och&nbsp; ul.Sienkiewicza 69\/lok.5b 25-002 KIELCE &nbsp; &nbsp;e:mail: dariuszwloch@kancelariaadwokackakielce.pl www.kancelariaadwokackakielce.pl tel.604 614 926 RACHUNKI BANKOWE Konto na wp\u0142aty wynagrodzenia KancelariiNestBank\u00a093 2530 0008 2004 1038 9663 0001\u00a0Konto dla depozyt\u00f3w na op\u0142aty s\u0105doweNestBank\u00a039 2530 0008 2004 1038 9663 0003 \u00a0 KONTAKT +48 604 614 926 Kielce, ul.Sienkiewicza 69\/lok.5b Facebook-f Facebook Google-plus<\/p>\n","protected":false},"author":1,"featured_media":0,"parent":0,"menu_order":6,"comment_status":"closed","ping_status":"closed","template":"","meta":{"_mi_skip_tracking":false,"_monsterinsights_skip_tracking":false,"_monsterinsights_sitenote_active":false,"_monsterinsights_sitenote_note":"","_monsterinsights_sitenote_category":0,"footnotes":""},"class_list":["post-66","page","type-page","status-publish","hentry"],"yoast_head":"<!-- This site is optimized with the Yoast SEO plugin v14.3 - https:\/\/yoast.com\/wordpress\/plugins\/seo\/ -->\n<title>KONTAKT - KANCELARIA ADWOKACKA Kielce<\/title>\n<meta name=\"robots\" content=\"index, follow\" \/>\n<meta name=\"googlebot\" content=\"index, follow, max-snippet:-1, max-image-preview:large, max-video-preview:-1\" \/>\n<meta name=\"bingbot\" content=\"index, follow, max-snippet:-1, max-image-preview:large, max-video-preview:-1\" \/>\n<link rel=\"canonical\" href=\"http:\/\/kancelariaadwokackakielce.pl\/?page_id=66\" \/>\n<meta property=\"og:locale\" content=\"pl_PL\" \/>\n<meta property=\"og:type\" content=\"article\" \/>\n<meta property=\"og:title\" content=\"KONTAKT - KANCELARIA ADWOKACKA Kielce\" \/>\n<meta property=\"og:description\" content=\"KANCELARIA ADWOKACKA W KIELCACH Adwokat Dariusz W\u0142och&nbsp; ul.Sienkiewicza 69\/lok.5b 25-002 KIELCE &nbsp; &nbsp;e:mail: dariuszwloch@kancelariaadwokackakielce.pl www.kancelariaadwokackakielce.pl tel.604 614 926 RACHUNKI BANKOWE Konto na wp\u0142aty wynagrodzenia KancelariiNestBank\u00a093 2530 0008 2004 1038 9663 0001\u00a0Konto dla depozyt\u00f3w na op\u0142aty s\u0105doweNestBank\u00a039 2530 0008 2004 1038 9663 0003 \u00a0 KONTAKT +48 604 614 926 Kielce, ul.Sienkiewicza 69\/lok.5b Facebook-f Facebook Google-plus\" \/>\n<meta property=\"og:url\" content=\"http:\/\/kancelariaadwokackakielce.pl\/?page_id=66\" \/>\n<meta property=\"og:site_name\" content=\"KANCELARIA ADWOKACKA Kielce\" \/>\n<meta property=\"article:modified_time\" content=\"2022-01-09T01:46:44+00:00\" \/>\n<meta property=\"og:image\" content=\"http:\/\/kancelariaadwokackakielce.pl\/wp-content\/uploads\/2020\/05\/0a.jpg\" \/>\n<meta name=\"twitter:card\" content=\"summary_large_image\" \/>\n<script type=\"application\/ld+json\" class=\"yoast-schema-graph\">{\"@context\":\"https:\/\/schema.org\",\"@graph\":[{\"@type\":\"WebSite\",\"@id\":\"https:\/\/kancelariaadwokackakielce.pl\/#website\",\"url\":\"https:\/\/kancelariaadwokackakielce.pl\/\",\"name\":\"KANCELARIA ADWOKACKA Kielce\",\"description\":\"doradztwo prawne oraz pomoc prawna w sprawach karnych, cywilnych, gospodarczych, administracyjnych, obs\\u0142uga prawna firm\",\"potentialAction\":[{\"@type\":\"SearchAction\",\"target\":\"https:\/\/kancelariaadwokackakielce.pl\/?s={search_term_string}\",\"query-input\":\"required name=search_term_string\"}],\"inLanguage\":\"pl-PL\"},{\"@type\":\"ImageObject\",\"@id\":\"http:\/\/kancelariaadwokackakielce.pl\/?page_id=66#primaryimage\",\"inLanguage\":\"pl-PL\",\"url\":\"http:\/\/kancelariaadwokackakielce.pl\/wp-content\/uploads\/2020\/05\/0a.jpg\"},{\"@type\":\"WebPage\",\"@id\":\"http:\/\/kancelariaadwokackakielce.pl\/?page_id=66#webpage\",\"url\":\"http:\/\/kancelariaadwokackakielce.pl\/?page_id=66\",\"name\":\"KONTAKT - KANCELARIA ADWOKACKA Kielce\",\"isPartOf\":{\"@id\":\"https:\/\/kancelariaadwokackakielce.pl\/#website\"},\"primaryImageOfPage\":{\"@id\":\"http:\/\/kancelariaadwokackakielce.pl\/?page_id=66#primaryimage\"},\"datePublished\":\"2019-07-11T10:17:33+00:00\",\"dateModified\":\"2022-01-09T01:46:44+00:00\",\"inLanguage\":\"pl-PL\",\"potentialAction\":[{\"@type\":\"ReadAction\",\"target\":[\"http:\/\/kancelariaadwokackakielce.pl\/?page_id=66\"]}]}]}<\/script>\n<!-- \/ Yoast SEO plugin. -->","_links":{"self":[{"href":"https:\/\/kancelariaadwokackakielce.pl\/index.php?rest_route=\/wp\/v2\/pages\/66","targetHints":{"allow":["GET"]}}],"collection":[{"href":"https:\/\/kancelariaadwokackakielce.pl\/index.php?rest_route=\/wp\/v2\/pages"}],"about":[{"href":"https:\/\/kancelariaadwokackakielce.pl\/index.php?rest_route=\/wp\/v2\/types\/page"}],"author":[{"embeddable":true,"href":"https:\/\/kancelariaadwokackakielce.pl\/index.php?rest_route=\/wp\/v2\/users\/1"}],"replies":[{"embeddable":true,"href":"https:\/\/kancelariaadwokackakielce.pl\/index.php?rest_route=%2Fwp%2Fv2%2Fcomments&post=66"}],"version-history":[{"count":56,"href":"https:\/\/kancelariaadwokackakielce.pl\/index.php?rest_route=\/wp\/v2\/pages\/66\/revisions"}],"predecessor-version":[{"id":277,"href":"https:\/\/kancelariaadwokackakielce.pl\/index.php?rest_route=\/wp\/v2\/pages\/66\/revisions\/277"}],"wp:attachment":[{"href":"https:\/\/kancelariaadwokackakielce.pl\/index.php?rest_route=%2Fwp%2Fv2%2Fmedia&parent=66"}],"curies":[{"name":"wp","href":"https:\/\/api.w.org\/{rel}","templated":true}]}}